{"id":8,"date":"2018-08-24T05:28:46","date_gmt":"2018-08-24T05:28:46","guid":{"rendered":"http:\/\/clasespianomonterrey.com\/?page_id=8"},"modified":"2018-08-24T11:55:19","modified_gmt":"2018-08-24T11:55:19","slug":"home","status":"publish","type":"page","link":"https:\/\/clasespianomonterrey.com\/","title":{"rendered":"Clases de Piano"},"content":{"rendered":"<p>Cada alumno es distinto, tiene diferentes gustos y necesidades de aprendizaje; es por ello que cada clase es distinta, por lo tanto el m\u00e9todo de ense\u00f1anza es personalizado. En conjunto desarrollamos un m\u00e9todo de aprendizaje a tu medida, buscando la mejor manera de que desarrolles tus habilidades musicales.<\/p>\n<p>No importa si no sabes nada de m\u00fasica o ya tienes conocimientos, si ves la m\u00fasica como un hobby, complemento, desarrollo personal o simplemente te quieres divertir, te estaremos esperando.<\/p>\n","protected":false},"excerpt":{"rendered":"<p>Cada alumno es distinto, tiene diferentes gustos y necesidades de aprendizaje; es por ello que cada clase es distinta, por lo tanto el m\u00e9todo de ense\u00f1anza es personalizado. En conjunto desarrollamos un m\u00e9todo de aprendizaje a tu medida, buscando la mejor manera de que desarrolles tus habilidades musicales. No importa si no sabes nada de &hellip; <\/p>\n<p class=\"link-more\"><a href=\"https:\/\/clasespianomonterrey.com\/\" class=\"more-link\">Continue reading<span class=\"screen-reader-text\"> &#8220;Clases de Piano&#8221;<\/span><\/a><\/p>\n","protected":false},"author":1,"featured_media":0,"parent":0,"menu_order":0,"comment_status":"closed","ping_status":"closed","template":"","meta":[],"_links":{"self":[{"href":"https:\/\/clasespianomonterrey.com\/index.php\/wp-json\/wp\/v2\/pages\/8"}],"collection":[{"href":"https:\/\/clasespianomonterrey.com\/index.php\/wp-json\/wp\/v2\/pages"}],"about":[{"href":"https:\/\/clasespianomonterrey.com\/index.php\/wp-json\/wp\/v2\/types\/page"}],"author":[{"embeddable":true,"href":"https:\/\/clasespianomonterrey.com\/index.php\/wp-json\/wp\/v2\/users\/1"}],"replies":[{"embeddable":true,"href":"https:\/\/clasespianomonterrey.com\/index.php\/wp-json\/wp\/v2\/comments?post=8"}],"version-history":[{"count":4,"href":"https:\/\/clasespianomonterrey.com\/index.php\/wp-json\/wp\/v2\/pages\/8\/revisions"}],"predecessor-version":[{"id":36,"href":"https:\/\/clasespianomonterrey.com\/index.php\/wp-json\/wp\/v2\/pages\/8\/revisions\/36"}],"wp:attachment":[{"href":"https:\/\/clasespianomonterrey.com\/index.php\/wp-json\/wp\/v2\/media?parent=8"}],"curies":[{"name":"wp","href":"https:\/\/api.w.org\/{rel}","templated":true}]}}